{"id":229,"date":"2022-03-17T17:55:43","date_gmt":"2022-03-17T10:55:43","guid":{"rendered":"https:\/\/webdev.filumena.eu\/?page_id=229"},"modified":"2024-02-23T17:04:55","modified_gmt":"2024-02-23T10:04:55","slug":"cau-chuyen-filumena","status":"publish","type":"page","link":"https:\/\/api.filumena.net\/vi\/hieu-them\/cau-chuyen-filumena\/","title":{"rendered":"C\u00e2u chuy\u1ec7n Filumena"},"content":{"rendered":"<blockquote class=\"wp-block-quote has-text-align-center is-style-default is-layout-flow wp-block-quote-is-layout-flow\"><p>Ch\u00ednh l\u00fac ch\u1ebft \u0111i l\u00e0 khi vui s\u1ed1ng mu\u00f4n \u0111\u1eddi<\/p><cite>Kinh H\u00f2a b\u00ecnh, Th\u00e1nh Phanxic\u00f4 th\u00e0nh Assisi<\/cite><\/blockquote><h4 class=\"wp-block-heading\">B\u00e0 v\u00e0 ch\u00e1u gi\u1eefa d\u1ecbch Covid<\/h4><p>Cu\u1ed1i th\u00e1ng 4 n\u0103m 2020, con nh\u1eadn tin b\u00e0 ngo\u1ea1i con \u1ed1m n\u1eb7ng. L\u00fac \u0111\u00f3 l\u00e0 gi\u1eefa \u0111\u1ee3t d\u1ecbch b\u1ec7nh Covid \u0111ang r\u1ea5t c\u0103ng th\u1eb3ng \u1edf ch\u00e2u \u00c2u. Ngo\u1ea1i l\u00e0 ng\u01b0\u1eddi \u0111\u00e3 nu\u00f4i d\u1ea1y con t\u1eeb ng\u00e0y con m\u1edbi c\u00f3 tr\u00ed kh\u00f4n. Khi con \u0111\u01b0\u1ee3c ch\u1eebng hai tu\u1ed5i, gia \u0111\u00ecnh con ph\u00e1 s\u1ea3n, \u0111\u1ebfn n\u01a1i \u1edf c\u0169ng kh\u00f4ng c\u00f2n. B\u1ed1 con \u0111i S\u00e0i G\u00f2n ki\u1ebfm s\u1ed1ng, c\u00f2n m\u1eb9 con th\u00ec ph\u00e1t b\u1ec7nh t\u00e2m th\u1ea7n v\u00ec s\u1ee3 h\u00e3i. Ng\u00e0y \u0111\u1ea5y \u00f4ng ngo\u1ea1i \u0111\u00e3 m\u1ea5t, ngo\u1ea1i c\u0169ng ch\u1eb3ng c\u00f3 \u0111i\u1ec1u ki\u1ec7n g\u00ec v\u1ec1 v\u1eadt ch\u1ea5t. Nh\u01b0ng ngo\u1ea1i dang tay ra \u0111\u00f3n m\u1eb9 con, ch\u1ecb con v\u00e0 con v\u1ec1. M\u1eb9 con, b\u00e0 ch\u00e1u \u00ab c\u00f3 rau \u0103n rau, c\u00f3 ch\u00e1o \u0103n ch\u00e1o \u00bb. Qu\u1ea3 th\u1ef1c tu\u1ed5i th\u01a1 con thi\u1ebfu nhi\u1ec1u th\u1ee9, nh\u01b0ng t\u00ecnh th\u01b0\u01a1ng c\u1ee7a ngo\u1ea1i th\u00ec \u0111\u00e3 \u0111\u1ee7 cho con trong su\u1ed1t cu\u1ed9c \u0111\u1eddi.<\/p><h4 class=\"wp-block-heading\">M\u01a1 \u01b0\u1edbc c\u1ee7a ngo\u1ea1i<\/h4><p>Khi con v\u1eeba t\u1edbi tu\u1ed5i m\u01b0\u1eddi ba, m\u1eb9 con m\u1ea5t m\u1ed9t c\u00e1ch r\u1ea5t bu\u1ed3n th\u1ea3m. Nh\u01b0ng ngo\u1ea1i v\u1eabn kh\u00f4ng l\u00fac n\u00e0o ng\u01b0ng hy v\u1ecdng, ng\u01b0ng c\u1ea7u nguy\u1ec7n cho con. \u00ab&nbsp;B\u00e0 c\u1ea7u xin cho con m\u1ecdi vi\u1ec7c t\u1eeb kh\u1edfi s\u1ef1 cho t\u1edbi khi ho\u00e0n th\u00e0nh&nbsp;\u00bb. R\u1ed3i con \u0111\u1eadu \u0111\u1ea1i h\u1ecdc, r\u1ed3i \u0111i n\u01b0\u1edbc ngo\u00e0i. Ngo\u1ea1i d\u00f9 mu\u1ed1n con \u1edf g\u1ea7n, nh\u01b0ng v\u1eabn n\u00e9n n\u1ed7i bu\u1ed3n khuy\u00ean con \u1edf l\u1ea1i s\u1ed1ng b\u00ean ch\u00e2u \u00c2u. \u00ab&nbsp;Khi n\u00e0o b\u00e0 \u1ed1m m\u00e0 v\u1eabn c\u00f2n bi\u1ebft, th\u00ec con v\u1ec1 cho b\u00e0 g\u1eb7p m\u1eb7t nh\u00e1\u00bb. Ngo\u1ea1i ch\u1ec9 d\u1eb7n d\u00f2 con nh\u01b0 v\u1eady m\u1ed7i l\u1ea7n b\u00e0 ch\u00e1u tr\u00f2 chuy\u1ec7n v\u1edbi nhau.<\/p><p>V\u1eady n\u00ean ngo\u1ea1i \u1ed1m ngay l\u00fac d\u1ecbch b\u1ec7nh n\u1eb7ng n\u1ec1, c\u00e1c chuy\u1ebfn bay v\u1ec1 Vi\u1ec7t Nam th\u00ec \u0111\u00e3 b\u1ecb h\u1ee7y t\u1eeb l\u00e2u, l\u00e0m tim con r\u1ee5ng r\u1eddi. B\u00e2y gi\u1edd v\u1ec1 nh\u01b0 th\u1ebf n\u00e0o? May sao c\u00f3 m\u1ed9t chuy\u1ebfn bay duy nh\u1ea5t \u0111\u01b0a ng\u01b0\u1eddi Vi\u1ec7t h\u1ed3i h\u01b0\u01a1ng v\u00e0o \u0111\u1ea7u th\u00e1ng 5. \u0110\u00e3 h\u1ebft h\u1ea1n \u0111\u0103ng k\u00fd t\u1eeb l\u00e2u, ch\u1eb3ng bi\u1ebft c\u00f2n ch\u1ed7 kh\u00f4ng, nh\u01b0ng con v\u1eabn g\u1ecdi \u0111i\u1ec7n, vi\u1ebft th\u01b0 xin v\u1ec1. \u00ab&nbsp;Ngo\u1ea1i con c\u0169ng nh\u01b0 l\u00e0 ng\u01b0\u1eddi m\u1eb9 c\u1ee7a con&nbsp;\u00bb, con \u0111\u00e3 vi\u1ebft trong \u0111\u01a1n \u0111\u0103ng k\u00fd nh\u01b0 th\u1ebf.<\/p><h4 class=\"wp-block-heading\">Ng\u00e0y v\u1ec1<\/h4><p>May m\u1eafn l\u00e0 d\u00f9 \u0111\u0103ng k\u00fd mu\u1ed9n nh\u01b0ng con v\u1eabn \u0111\u01b0\u1ee3c x\u00e9t cho m\u1ed9t ch\u1ed7 tr\u00ean chuy\u1ebfn bay. M\u1ed7i ng\u00e0y ch\u1edd \u0111\u1ee3i v\u1edbi con d\u00e0i v\u00f4 t\u1eadn, v\u00ec ngo\u1ea1i c\u00e0ng ng\u00e0y c\u00e0ng y\u1ebfu. Con ch\u1eb3ng bi\u1ebft ngo\u1ea1i c\u00f3 \u0111\u1ee3i \u0111\u01b0\u1ee3c con v\u1ec1 kh\u00f4ng, v\u00ec ng\u00e0y bay c\u00f2n c\u00e1ch c\u1ea3 tu\u1ea7n l\u1ec5. Khi v\u1ec1 t\u1edbi Vi\u1ec7t Nam con c\u00f2n ph\u1ea3i \u0111i c\u00e1ch ly 14 ng\u00e0y n\u1eefa. H\u00f4m ra s\u00e2n bay, v\u00e0 trong c\u1ea3 nh\u1eefng ng\u00e0y c\u00e1ch ly, con s\u1ee3 l\u1eafm. Con s\u1ee3 n\u1ebfu m\u1eafc Covid b\u1ecb c\u00e1ch ly k\u00e9o d\u00e0i th\u00ec coi nh\u01b0 ch\u1eb3ng c\u00f2n c\u01a1 h\u1ed9i \u0111\u01b0\u1ee3c g\u1eb7p ngo\u1ea1i. <\/p><p>Tr\u1eddi m\u00f9a h\u00e8 \u0111\u00e3 n\u00f3ng, con tr\u00f9m \u00e1o m\u01b0a k\u00edn ng\u01b0\u1eddi, tay \u0111eo g\u0103ng, m\u1eb7t \u0111eo hai kh\u1ea9u trang. V\u1ec1 khu c\u00e1ch ly, con \u1edf l\u1ef3 trong ph\u00f2ng. \u1ede b\u00ean ngo\u00e0i, con lu\u00f4n t\u1ef1 tr\u1ea5n an m\u00ecnh r\u1eb1ng ngo\u1ea1i s\u1ebd kh\u1ecfe l\u1ea1i, ngo\u1ea1i s\u1ebd \u0111\u1ee3i \u0111\u01b0\u1ee3c, con s\u1ebd v\u1ec1 ch\u0103m s\u00f3c ngo\u1ea1i. Nh\u01b0ng trong s\u00e2u th\u1eb3m, con ch\u1ec9 c\u00f3 m\u1ed9t \u01b0\u1edbc ao duy nh\u1ea5t l\u00e0 \u0111\u01b0\u1ee3c v\u1ec1 \u0111\u1ec3 hai b\u00e0 ch\u00e1u \u0111\u01b0\u1ee3c th\u1ea5y nhau d\u00f9 ch\u1ec9 m\u1ed9t ph\u00fat. Con \u00edt khi c\u1ea7u nguy\u1ec7n, nh\u01b0ng nh\u1eefng ng\u00e0y \u1ea5y, con c\u1ea7u xin Ch\u00faa cho con \u0111\u01b0\u1ee3c g\u1eb7p ngo\u1ea1i tr\u01b0\u1edbc gi\u1edd l\u00e2m t\u1eed. \u0110\u1ed1i v\u1edbi con, nh\u01b0 th\u1ebf l\u00e0 m\u1ed9t ph\u00e9p l\u1ea1.<\/p><h4 class=\"wp-block-heading\">Ch\u1edd \u0111\u1ee3i v\u00e0 lo l\u1eafng<\/h4><p>Tr\u00ean th\u1ef1c t\u1ebf, ch\u1ec9 c\u1ea7n m\u1ed9t ng\u01b0\u1eddi trong s\u1ed1 m\u1ea5y tr\u0103m ng\u01b0\u1eddi v\u1ec1 b\u1ecb Covid, th\u00ec t\u1ea5t c\u1ea3 s\u1ebd ph\u1ea3i c\u00e1ch ly th\u00eam nhi\u1ec1u ng\u00e0y n\u1eefa. X\u00e9t nghi\u1ec7m l\u1ea7n 1, kh\u00f4ng c\u00f3 ai m\u1eafc Covid. Con th\u00eam hy v\u1ecdng. Nh\u01b0ng ngo\u1ea1i th\u00ec ng\u00e0y c\u00e0ng y\u1ebfu. Ngo\u1ea1i kh\u00f4ng \u0103n \u0111\u01b0\u1ee3c n\u1eefa, r\u1ed3i kh\u00f4ng n\u00f3i \u0111\u01b0\u1ee3c n\u1eefa, m\u1ed7i ng\u00e0y ch\u1ec9 nu\u1ed1t \u0111\u01b0\u1ee3c v\u00e0i nh\u1ea5p n\u01b0\u1edbc. R\u1ed3i th\u1eddi gian t\u1ec9nh t\u00e1o c\u1ee7a ngo\u1ea1i c\u00e0ng ng\u00e0y c\u00e0ng \u00edt. L\u00fac \u0111\u1ea7u, ngo\u1ea1i tuy kh\u00f4ng n\u00f3i \u0111\u01b0\u1ee3c, nh\u01b0ng c\u00f2n c\u00f3 th\u1ec3 b\u1ea5m \u0111\u1ed1t ng\u00f3n tay nh\u01b0 \u0111\u1ec3 n\u00f3i v\u1edbi con l\u00e0 ngo\u1ea1i v\u1eabn bi\u1ebft, \u0111\u00e3 \u0111\u01b0\u1ee3c 2 ng\u00e0y, r\u1ed3i 3 ng\u00e0y, r\u1ed3i 4 ng\u00e0y. <\/p><p>\u0110\u1ebfn kho\u1ea3ng ng\u00e0y th\u1ee9 8 hay th\u1ee9 9 th\u00ec ngo\u1ea1i kh\u00f4ng \u0111\u1ebfm \u0111\u01b0\u1ee3c n\u1eefa. Ch\u01b0a l\u00fac n\u00e0o con th\u1ea5y m\u00ecnh b\u1ea5t l\u1ef1c nh\u01b0 v\u1eady. Ch\u1ed7 c\u00e1ch ly c\u00e1ch n\u01a1i ngo\u1ea1i n\u1eb1m ba gi\u1edd ch\u1ea1y xe. M\u1ed7i gi\u1edd tr\u00f4i qua d\u00e0i nh\u01b0 v\u00f4 t\u1eadn. Con bi\u1ebft con c\u00f2n kh\u1ecfe m\u1ea1nh m\u00e0 c\u1ea3m gi\u00e1c nh\u01b0 th\u1ebf, th\u00ec ngo\u1ea1i \u0111ang y\u1ebfu m\u1ec7t n\u1eb1m \u0111\u00f3 c\u00f2n th\u1ea5y d\u00e0i d\u1eb1ng d\u1eb7c nh\u01b0 th\u1ebf n\u00e0o.<\/p><h4 class=\"wp-block-heading\">Hy v\u1ecdng<\/h4><p>\u0110\u1ebfn s\u00e1ng s\u1edbm ng\u00e0y th\u1ee9 12, ngo\u1ea1i t\u1ec9nh m\u1ed9t l\u00e1t, d\u00ec g\u1ecdi \u0111\u1ec3 b\u00e0 ch\u00e1u g\u1eb7p nhau. Ngo\u1ea1i \u0111\u01b0a tay v\u1edbi m\u00e0n h\u00ecnh l\u1ea1i g\u1ea7n v\u00e0 m\u1edf m\u1eaft th\u1eadt to \u0111\u1ec3 nh\u00ecn con cho r\u00f5. <\/p><p>\u00ab&nbsp;T\u00ean th\u00e1nh c\u1ee7a b\u00e0 l\u00e0 Filumena, c\u00f3 ngh\u0129a l\u00e0 con g\u00e1i c\u1ee7a \u00c1nh s\u00e1ng. \u00c1nh s\u00e1ng l\u00e0 Thi\u00ean Ch\u00faa. T\u00ean th\u00e1nh c\u1ee7a b\u00e0 l\u00e0 Filumena, con g\u00e1i c\u1ee7a \u00c1nh s\u00e1ng, th\u00ec b\u00e0 kh\u00f4ng ph\u1ea3i s\u1ee3 b\u00f3ng t\u1ed1i&nbsp;\u00bb. Kh\u00f4ng hi\u1ec3u sao nh\u1eefng l\u1eddi cu\u1ed1i c\u00f9ng con n\u00f3i v\u1edbi ngo\u1ea1i l\u00e0 nh\u01b0 v\u1eady.<\/p><p>Sang ng\u00e0y th\u1ee9 13, l\u00fac kho\u1ea3ng 11 gi\u1edd, th\u00ec c\u00f3 k\u1ebft qu\u1ea3 x\u00e9t nghi\u1ec7m l\u1ea7n 2. Kh\u00f4ng c\u00f3 ai trong m\u1ea5y tr\u0103m ng\u01b0\u1eddi v\u1ec1 m\u1eafc Covid. Con tr\u00e0n \u0111\u1ea7y hy v\u1ecdng. Tr\u01b0a mai th\u00f4i l\u00e0 \u0111\u1ee7 th\u1eddi gian c\u00e1ch ly 14 ng\u00e0y. Con l\u00e0m \u0111\u01a1n xin \u0111\u01b0\u1ee3c xem x\u00e9t cho v\u1ec1 s\u1edbm gi\u1edd ph\u00fat n\u00e0o hay ch\u00fat \u0111\u1ea5y. Th\u1ef1c l\u00f2ng  con bi\u1ebft ch\u1eb3ng c\u00f3 c\u01a1 h\u1ed9i n\u00e0o \u0111\u01b0\u1ee3c x\u00e9t cho nh\u01b0 v\u1eady. Nh\u01b0ng \u0111\u1ea5y l\u00e0 l\u00fac con hy v\u1ecdng nhi\u1ec1u nh\u1ea5t.<\/p><h4 class=\"wp-block-heading\">Sinh t\u1eed ly bi\u1ec7t<\/h4><p>Nh\u01b0ng ph\u00e9p l\u1ea1 con xin th\u00ec kh\u00f4ng \u0111\u01b0\u1ee3c. Qu\u00e1 12 gi\u1edd, Ch\u00faa g\u1ecdi ngo\u1ea1i v\u1ec1.<\/p><p>Tr\u01b0a ng\u00e0y th\u1ee9 14, con v\u1ec1 t\u1edbi nh\u00e0, mu\u1ed9n m\u1ed9t ng\u00e0y. Ngo\u1ea1i kh\u00f4ng c\u00f2n nghe v\u00e0 th\u1ea5y con n\u1eefa. Nh\u01b0ng con c\u00f2n \u0111\u01b0\u1ee3c tr\u00f4ng th\u1ea5y ngo\u1ea1i, n\u1eafm tay ngo\u1ea1i l\u1ea7n cu\u1ed1i. Con th\u1ea5y nh\u01b0 th\u1ebf c\u0169ng l\u00e0 m\u1ed9t \u01a1n tr\u1ecdng l\u1eafm r\u1ed3i. Trong ho\u00e0n c\u1ea3nh d\u1ecbch b\u1ec7nh, m\u00e0 con v\u1eabn c\u00f2n v\u1ec1 \u0111\u01b0\u1ee3c b\u00ean ngo\u1ea1i, d\u00f9 \u0111\u00e3 ch\u1eadm m\u1ed9t ng\u00e0y. <\/p><p>D\u00f9 v\u1eady, con \u0111au bu\u1ed3n v\u00e0 gi\u1eadn m\u00ecnh kh\u00f4ng v\u1ec1 k\u1ecbp, kh\u00f4ng \u1edf b\u00ean ngo\u1ea1i nh\u1eefng ng\u00e0y cu\u1ed1i \u0111\u1eddi. T\u1ed1i h\u00f4m \u1ea5y, khi m\u1ea5t b\u00ecnh t\u0129nh, con \u0111\u1ea5m v\u1ee1 hai mi\u1ebfng k\u00ednh tr\u00ean c\u1eeda. K\u00ednh v\u1ee1, c\u1eaft n\u00e1t b\u00e0n tay \u1edf nhi\u1ec1u ch\u1ed7. M\u00e1u v\u0103ng kh\u1eafp ph\u00f2ng, r\u1ecf xu\u1ed1ng th\u1ea5m \u01b0\u1edbt c\u1ea3 c\u00e1i qu\u1ea7n \u0111ang m\u1eb7c. Nh\u1eefng v\u1ebft th\u01b0\u01a1ng da th\u1ecbt n\u00e0y gi\u1edd v\u1eabn \u0111\u1ec3 l\u1ea1i nhi\u1ec1u s\u1eb9o. Nh\u01b0ng c\u00f3 m\u1ed9t \u0111i\u1ec1u con kh\u00f4ng ng\u1edd. Nh\u1eefng v\u1ebft th\u01b0\u01a1ng trong l\u00f2ng con s\u1ebd \u0111\u01b0\u1ee3c ch\u1eefa l\u00e0nh nhanh h\u01a1n nhi\u1ec1u, v\u00e0 theo m\u1ed9t c\u00e1ch con ch\u01b0a bao gi\u1edd ng\u1edd t\u1edbi.<\/p><h4 class=\"wp-block-heading\">Chu\u1ed7i h\u1ea1t M\u00e2n C\u00f4i c\u1ee7a ngo\u1ea1i<\/h4><p>Ngo\u1ea1i m\u1ea5t r\u1ed3i. Con \u0111\u00e3 ngh\u0129 th\u1ebf l\u00e0 h\u1ebft. \u1ede qu\u00ea nh\u00e0 c\u00f3 t\u1ee5c l\u1ec7 \u0111\u1ed1t h\u1ebft \u0111\u1ed3 d\u00f9ng c\u1ee7a ng\u01b0\u1eddi \u0111\u00e3 khu\u1ea5t. V\u1eady n\u00ean khi con v\u1ec1 th\u00ec h\u1ea7u nh\u01b0 ch\u1eb3ng c\u00f2n l\u1ea1i g\u00ec c\u1ee7a ngo\u1ea1i. C\u00f2n s\u00f3t l\u1ea1i m\u1ed9t \u0111\u00f4i d\u00e9p ngo\u1ea1i v\u1eabn \u0111i. M\u1ed9t c\u00e1i kh\u0103n ngo\u1ea1i d\u00f9ng v\u1ea5n t\u00f3c. M\u1ed9t l\u1ecd thu\u1ed1c kh\u1edbp ngo\u1ea1i \u0111ang u\u1ed1ng d\u1edf. V\u00e0 m\u1ed9t chu\u1ed7i h\u1ea1t M\u00e2n C\u00f4i. Chu\u1ed7i h\u1ea1t n\u00e0y ngo\u1ea1i mua cho m\u1eb9 con ng\u00e0y m\u1eb9 con m\u1edbi b\u1ec7nh. R\u1ed3i m\u1eb9 con v\u00ec b\u1ec7nh n\u00ean kh\u00f4ng l\u1ea7n h\u1ea1t m\u1ea5y khi, th\u00e0nh ra ngo\u1ea1i d\u00f9ng. <\/p><p>Chu\u1ed7i h\u1ea1t n\u00e0y ngo\u1ea1i l\u1ea7n m\u1ed7i ng\u00e0y trong su\u1ed1t g\u1ea7n 30 n\u0103m, c\u0169ng g\u1ea7n b\u1eb1ng s\u1ed1 tu\u1ed5i c\u1ee7a con. Con v\u1eabn nghe th\u1ea5y nh\u1eefng l\u1eddi c\u1ea7u nguy\u1ec7n c\u1ee7a ngo\u1ea1i. \u00abXin Ch\u00faa th\u01b0\u01a1ng m\u00e0 c\u1ea5t s\u1ef1 b\u1ec7nh n\u1ea1n cho con con, \u0111\u1ec3 con con m\u1ea1nh kh\u1ecfe nu\u00f4i c\u00e1c ch\u00e1u\u00bb. \u00abCon c\u1ea7u xin cho ch\u00e1u con m\u1ecdi s\u1ef1 t\u1eeb kh\u1edfi s\u1ef1 cho t\u1edbi l\u00fac ho\u00e0n th\u00e0nh&nbsp;\u00bb. T\u1ea5t c\u1ea3 nh\u1eefng l\u1eddi c\u1ea7u nguy\u1ec7n c\u1ee7a ngo\u1ea1i \u0111\u1ec1u g\u1eafn v\u1edbi chu\u1ed7i h\u1ea1t n\u00e0y. Nh\u1edb t\u1edbi ngo\u1ea1i, n\u00ean ba \u0111\u00eam sau khi ngo\u1ea1i v\u1ec1 n\u01a1i l\u00f2ng \u0111\u1ea5t, con l\u1ea7n h\u1ea1t.<\/p><p>\u0110\u1ea5y l\u00e0 l\u1ea7n \u0111\u1ea7u ti\u00ean trong \u0111\u1eddi con t\u1ef1 m\u00ecnh l\u1ea7n h\u1ea1t M\u00e2n C\u00f4i. Con l\u1ea7n h\u1ea1t ch\u1ec9 v\u00ec con nh\u1edb ngo\u1ea1i. Ng\u00e0y con nh\u1ecf, ngo\u1ea1i l\u1ea7n h\u1ea1t, c\u00f2n con \u0111\u1ecdc theo, \u0111\u00f4i khi ng\u1ee7 g\u1ee5c. Khi con l\u1edbn l\u00ean, c\u00e0ng xa ngo\u1ea1i, c\u00e0ng b\u1eadn r\u1ed9n h\u1ecdc l\u00ean cao n\u1eefa, c\u00e0ng nhi\u1ec1u b\u1eb1ng c\u1ea5p, r\u1ed3i \u0111i l\u00e0m, th\u00ec vi\u1ec7c c\u1ea7u nguy\u1ec7n c\u00e0ng \u00edt. M\u1ed7i l\u1ea7n v\u1ec1 th\u0103m nh\u00e0, th\u00ec con l\u1ea1i th\u00edch ng\u1ed3i t\u1eeb xa ng\u1eafm ngo\u1ea1i l\u1ea7n h\u1ea1t h\u01a1n.<\/p><h4 class=\"wp-block-heading\">\u01a0n ch\u1eefa l\u00e0nh cho ch\u00e1u<\/h4><p>\u00ab&nbsp;K\u00ednh m\u1eebng Maria \u0111\u1ea7y \u01a1n ph\u00fac, \u0110\u1ee9c Ch\u00faa Tr\u1eddi \u1edf c\u00f9ng b\u00e0&#8230;&nbsp;\u00bb. Con \u0111\u1ecdc 10 kinh K\u00ednh M\u1eebng, m\u1ed7i kinh m\u1ed9t h\u1ea1t tr\u00ean chu\u1ed7i M\u00e2n C\u00f4i, th\u00ec \u0111\u1ecdc m\u1ed9t kinh L\u1ea1y Cha. R\u1ed3i con \u0111\u1ecdc m\u1ed9t kinh V\u1ef1c S\u00e2u c\u1ea7u cho linh h\u1ed3n Filumena. R\u1ed3i th\u00eam 10 kinh K\u00ednh M\u1eebng, r\u1ed3i l\u1ea1i th\u00eam 10 kinh n\u1eefa. <\/p><p>V\u1eeba h\u1ebft 30 l\u1ea7n \u00ab&nbsp;K\u00ednh m\u1eebng Maria \u0111\u1ea7y \u01a1n ph\u00fac&#8230;&nbsp;\u00bb, th\u00ec k\u00eca con ng\u1eedi th\u1ea5y m\u1ed9t m\u00f9i h\u01b0\u01a1ng th\u01a1m d\u1ecbu d\u00e0ng. M\u00f9i h\u01b0\u01a1ng \u1ea5y ph\u1ea3ng ph\u1ea5t m\u1ed9t l\u00e1t, v\u1eeba d\u1ee9t, th\u00ec ngay sau \u0111\u1ea5y l\u00e0 m\u00f9i th\u01a1m c\u1ee7a v\u00e1n g\u1ed7. Con \u0111\u00e3 ng\u1ed3i c\u1ea1nh quan t\u00e0i ngo\u1ea1i hai \u0111\u00eam, n\u00ean m\u00f9i g\u1ed7 \u0111\u00f3 con nh\u1eadn ra. <\/p><p>Con bi\u1ebft l\u00e0 ngay gi\u1edd ph\u00fat \u1ea5y, ngo\u1ea1i \u0111\u00e3 \u1edf r\u1ea5t g\u1ea7n con. Con m\u1eaft th\u1ec3 x\u00e1c con kh\u00f4ng nh\u00ecn th\u1ea5y g\u00ec. Nh\u01b0ng con m\u1eaft tinh th\u1ea7n con, v\u1ed1n tr\u01b0\u1edbc gi\u1edd \u0111\u00f3ng k\u00edn, trong gi\u1edd ph\u00fat \u1ea5y \u0111\u00e3 \u0111\u01b0\u1ee3c m\u1edf ra. Ch\u00ednh trong l\u00fac con \u0111au bu\u1ed3n nh\u1ea5t, th\u00ec con \u0111\u00e3 \u0111\u01b0\u1ee3c an \u1ee7i m\u1ed9t c\u00e1ch con kh\u00f4ng ng\u1edd t\u1edbi. <\/p><h4 class=\"wp-block-heading\">Ni\u1ec1m tin v\u00e0o \u0110\u1ee9c M\u1eb9<\/h4><p>Thay cho n\u1ed7i bu\u1ed3n, gi\u1edd l\u00e0 s\u1ef1 h\u00e2n hoan v\u00f4 c\u00f9ng. Trong gi\u1edd ph\u00fat \u1ea5y, con \u0111\u00e3 hi\u1ec3u s\u1ef1 ch\u1ebft kh\u00f4ng c\u00f3 ngh\u0129a l\u00e0 h\u1ebft. S\u1ef1 ch\u1ebft kh\u00f4ng \u0111\u1eb7t d\u1ea5u ch\u1ea5m h\u1ebft cho t\u00ecnh th\u01b0\u01a1ng c\u1ee7a ngo\u1ea1i con. Ng\u01b0\u1ee3c l\u1ea1i, con hi\u1ec3u r\u1eb1ng ngo\u1ea1i c\u1ee7a con \u0111\u00e3 b\u1eaft \u0111\u1ea7u m\u1ed9t cu\u1ed9c s\u1ed1ng m\u1edbi. M\u1ed9t s\u1ef1 s\u1ed1ng n\u01a1i kh\u00f4ng c\u00f2n n\u1ed7i bu\u1ed3n, kh\u1ed5 \u0111au tr\u1ea7n th\u1ebf. <\/p><p>L\u00fac \u0111\u1ea5y con m\u1edbi hi\u1ec3u v\u00e0 tin m\u1ed9t c\u00e2u con v\u1eabn nghe th\u1ea5y t\u1eeb nh\u1ecf. \u00ab Ch\u00ednh khi ch\u1ebft \u0111i l\u00e0 khi vui s\u1ed1ng mu\u00f4n \u0111\u1eddi \u00bb. Con kh\u00f4ng ph\u1ea3i l\u00e0 ng\u01b0\u1eddi d\u1ec5 tin b\u1ea5t c\u1ee9 \u0111i\u1ec1u g\u00ec. Nh\u01b0ng gi\u1edd con th\u1ef1c s\u1ef1 tin b\u1edfi v\u00ec con \u0111\u00e3 th\u1ea5y.<\/p><p>\u0110\u1ea5y l\u00e0 l\u1ea7n \u0111\u1ea7u ti\u00ean, nh\u01b0ng kh\u00f4ng ph\u1ea3i l\u00e0 l\u1ea7n duy nh\u1ea5t c\u00e1c gi\u00e1c quan c\u1ee7a con \u0111\u01b0\u1ee3c c\u1ea3m nh\u1eadn nh\u1eefng s\u1ef1 vi\u1ec7c l\u1ea1 l\u00f9ng nh\u01b0 th\u1ebf. Trong nh\u1eefng \u0111\u00eam sau, c\u0169ng \u0111ang khi l\u1ea7n chu\u1ed7i M\u00e2n C\u00f4i, con \u0111\u00e3 th\u1ea5y \u00e1nh s\u00e1ng tr\u1eafng t\u1eeb t\u1eeb ng\u1eadp tr\u00e0n c\u0103n ph\u00f2ng n\u01a1i con n\u1eb1m. Con bi\u1ebft nh\u1eefng g\u00ec con \u0111\u00e3 tr\u1ea3i qua trong tr\u1ea1ng th\u00e1i ho\u00e0n to\u00e0n t\u1ec9nh t\u00e1o v\u00e0 s\u00e1ng su\u1ed1t.<\/p><p>Con c\u0169ng hi\u1ec3u v\u1ec1 t\u00ecnh th\u01b0\u01a1ng c\u1ee7a Ch\u00faa v\u00e0 M\u1eb9 Maria. T\u00ecnh th\u01b0\u01a1ng \u1ea5y \u0111\u01b0\u1ee3c th\u1ec3 hi\u1ec7n qua \u01a1n \u0111\u1eb7c bi\u1ec7t con v\u1eeba \u0111\u01b0\u1ee3c nh\u1eadn. T\u00ecnh th\u01b0\u01a1ng \u1ea5y \u0111\u01b0\u1ee3c th\u1ec3 hi\u1ec7n qua t\u00ecnh th\u01b0\u01a1ng v\u00e0 hy v\u1ecdng ki\u00ean tr\u00ec b\u1ec1n b\u1ec9 c\u1ee7a ngo\u1ea1i con. Ng\u00e0y c\u00f2n nh\u1ecf, con \u0111\u00e3 t\u01b0\u1edfng r\u1eb1ng m\u00ecnh l\u00e0 ng\u01b0\u1eddi k\u00e9m may m\u1eafn. Nh\u01b0ng gi\u1edd nh\u00ecn l\u1ea1i, con th\u1ea5y r\u1eb1ng con \u0111\u00e3 may m\u1eafn \u0111\u1ebfn th\u1ebf n\u00e0o khi \u0111\u01b0\u1ee3c s\u1ed1ng trong T\u00ecnh th\u01b0\u01a1ng c\u1ee7a ngo\u1ea1i, kh\u00f4ng ch\u1ec9 d\u00e0nh cho con m\u00e0 cho t\u1ea5t c\u1ea3 m\u1ecdi ng\u01b0\u1eddi \u0111\u1eb7c bi\u1ec7t l\u00e0 nh\u1eefng ai \u0111au kh\u1ed5, b\u1ea5t h\u1ea1nh.<\/p><h4 class=\"wp-block-heading\">T\u00ecnh th\u01b0\u01a1ng v\u00e0 Hy v\u1ecdng \u0111\u01b0\u1ee3c nh\u00e2n l\u00ean<\/h4><p>Cu\u1ed9c \u0111\u1eddi m\u1ed7i ng\u01b0\u1eddi c\u00f3 nh\u1eefng kho\u1ea3nh kh\u1eafc m\u00e0 t\u1ea5t c\u1ea3 thay \u0111\u1ed5i. \u0110\u1ed1i v\u1edbi con, \u0111\u00f3 l\u00e0 ng\u00e0y con v\u1ec1 s\u1ed1ng trong T\u00ecnh th\u01b0\u01a1ng c\u1ee7a ngo\u1ea1i. \u0110\u00f3 l\u00e0 ng\u00e0y m\u1eb9 con m\u1ea5t \u0111\u1ec3 con h\u1ecdc \u0111\u01b0\u1ee3c c\u00e1ch s\u1ed1ng v\u00ec tha nh\u00e2n. \u0110\u00f3 l\u00e0 ng\u00e0y ngo\u1ea1i m\u1ea5t \u0111\u1ec3 con c\u00f3 m\u1ed9t ni\u1ec1m tin s\u1ed1ng \u0111\u1ed9ng. \u0110\u00f3 l\u00e0 nh\u1eefng ng\u00e0y sau n\u00e0y khi con v\u00e1c th\u1eadp gi\u00e1 \u0111\u1eddi m\u00ecnh c\u00f9ng con g\u00e1i Thanh T\u00e2m Filumena c\u1ee7a con, ch\u00e1u c\u1ee7a ngo\u1ea1i.<\/p><p>Con b\u1eaft \u0111\u1ea7u c\u00f3 \u00fd t\u01b0\u1edfng v\u1ec1 vi\u1ec7c l\u00e0m t\u01b0\u1ee3ng \u0110\u1ee9c M\u1eb9 v\u00e0 Ch\u00faa Gi\u00ea-su \u1edf m\u1ed9t kho\u1ea3nh kh\u1eafc trong nh\u1eefng ng\u00e0y sau khi con c\u00f3 l\u1ea1i \u0111\u01b0\u1ee3c ni\u1ec1m tin m\u1edbi m\u1ebb n\u00e0y. Con mu\u1ed1n th\u1ef1c hi\u1ec7n \u00fd t\u01b0\u1edfng n\u00e0y v\u00ec con \u0111\u00e3 nh\u1eadn \u0111\u01b0\u1ee3c th\u1eadt nhi\u1ec1u <a href=\"https:\/\/api.filumena.net\/vi\/hieu-them\/gia-tri-nen-tang\/\">T\u00ecnh th\u01b0\u01a1ng v\u00e0 Hy v\u1ecdng<\/a>. Con mong mu\u1ed1n \u0111\u01b0\u1ee3c trao \u0111i nh\u01b0 th\u1ebf. <\/p><p><em>Vincent Chu, ghi l\u1ea1i l\u1ea7n \u0111\u1ea7u ng\u00e0y 26\/07\/2021 t\u1ea1i h\u1ea1t Fontainebleau, Ph\u00e1p.<\/em><\/p><img decoding=\"async\" src=\"https:\/\/api.filumena.net\/crm\/mtracking.gif?tags=Story\" alt=\"Mautic Tags\" style=\"display:none;\" \/>","protected":false},"excerpt":{"rendered":"<p>Ch\u00ednh l\u00fac ch\u1ebft \u0111i l\u00e0 khi vui s\u1ed1ng mu\u00f4n \u0111\u1eddi Kinh H\u00f2a b\u00ecnh, Th\u00e1nh Phanxic\u00f4 th\u00e0nh Assisi B\u00e0 v\u00e0 ch\u00e1u gi\u1eefa d\u1ecbch Covid Cu\u1ed1i th\u00e1ng 4 n\u0103m 2020, con nh\u1eadn tin b\u00e0 ngo\u1ea1i con \u1ed1m n\u1eb7ng. L\u00fac \u0111\u00f3 l\u00e0 gi\u1eefa \u0111\u1ee3t d\u1ecbch b\u1ec7nh Covid \u0111ang r\u1ea5t c\u0103ng th\u1eb3ng \u1edf ch\u00e2u \u00c2u. Ngo\u1ea1i l\u00e0 ng\u01b0\u1eddi \u0111\u00e3 [&hellip;]<\/p>\n","protected":false},"author":2,"featured_media":0,"parent":86,"menu_order":2,"comment_status":"closed","ping_status":"closed","template":"","meta":{"_uag_custom_page_level_css":"","_eb_attr":"","footnotes":""},"class_list":["post-229","page","type-page","status-publish","hentry"],"uagb_featured_image_src":{"full":false,"thumbnail":false,"medium":false,"medium_large":false,"large":false,"1536x1536":false,"2048x2048":false,"woocommerce_thumbnail":false,"woocommerce_single":false,"woocommerce_gallery_thumbnail":false},"uagb_author_info":{"display_name":"Vincent Chu","author_link":"https:\/\/api.filumena.net\/vi\/tac-gia\/vincent\/"},"uagb_comment_info":0,"uagb_excerpt":"Ch\u00ednh l\u00fac ch\u1ebft \u0111i l\u00e0 khi vui s\u1ed1ng mu\u00f4n \u0111\u1eddi Kinh H\u00f2a b\u00ecnh, Th\u00e1nh Phanxic\u00f4 th\u00e0nh Assisi B\u00e0 v\u00e0 ch\u00e1u gi\u1eefa d\u1ecbch Covid Cu\u1ed1i th\u00e1ng 4 n\u0103m 2020, con nh\u1eadn tin b\u00e0 ngo\u1ea1i con \u1ed1m n\u1eb7ng. L\u00fac \u0111\u00f3 l\u00e0 gi\u1eefa \u0111\u1ee3t d\u1ecbch b\u1ec7nh Covid \u0111ang r\u1ea5t c\u0103ng th\u1eb3ng \u1edf ch\u00e2u \u00c2u. Ngo\u1ea1i l\u00e0 ng\u01b0\u1eddi \u0111\u00e3&hellip;","_links":{"self":[{"href":"https:\/\/api.filumena.net\/vi\/wp-json\/wp\/v2\/pages\/229","targetHints":{"allow":["GET"]}}],"collection":[{"href":"https:\/\/api.filumena.net\/vi\/wp-json\/wp\/v2\/pages"}],"about":[{"href":"https:\/\/api.filumena.net\/vi\/wp-json\/wp\/v2\/types\/page"}],"author":[{"embeddable":true,"href":"https:\/\/api.filumena.net\/vi\/wp-json\/wp\/v2\/users\/2"}],"replies":[{"embeddable":true,"href":"https:\/\/api.filumena.net\/vi\/wp-json\/wp\/v2\/comments?post=229"}],"version-history":[{"count":11,"href":"https:\/\/api.filumena.net\/vi\/wp-json\/wp\/v2\/pages\/229\/revisions"}],"predecessor-version":[{"id":7294,"href":"https:\/\/api.filumena.net\/vi\/wp-json\/wp\/v2\/pages\/229\/revisions\/7294"}],"up":[{"embeddable":true,"href":"https:\/\/api.filumena.net\/vi\/wp-json\/wp\/v2\/pages\/86"}],"wp:attachment":[{"href":"https:\/\/api.filumena.net\/vi\/wp-json\/wp\/v2\/media?parent=229"}],"curies":[{"name":"wp","href":"https:\/\/api.w.org\/{rel}","templated":true}]}}